{"id":632,"date":"2025-02-10T17:04:54","date_gmt":"2025-02-10T15:04:54","guid":{"rendered":"https:\/\/fakty.v.ua\/?page_id=632"},"modified":"2025-02-10T17:07:51","modified_gmt":"2025-02-10T15:07:51","slug":"about","status":"publish","type":"page","link":"https:\/\/fakty.v.ua\/pl\/about\/","title":{"rendered":"O projekcie"},"content":{"rendered":"\n<div class=\"wp-block-rank-math-toc-block\" id=\"rank-math-toc\"><h2>Tre\u015b\u0107<\/h2><nav><ul><li class=\"\"><a href=\"#nasza-misja\">Nasza misja<\/a><\/li><li class=\"\"><a href=\"#co-znajdziesz-na-fakty\">Co znajdziesz na \u201eFakty\u201d?<\/a><\/li><li class=\"\"><a href=\"#dlaczego-warto-czytac-fakty\">Dlaczego warto czyta\u0107 \u201eFakty\u201d?<\/a><\/li><li class=\"\"><a href=\"#kontakt\">Kontakt<\/a><\/li><\/ul><\/nav><\/div>\n\n\n\n<p><strong>\u201eFakty\u201d<\/strong> to internetowy magazyn oferuj\u0105cy ciekawe i edukacyjne tre\u015bci na r\u00f3\u017cnorodne tematy. Naszym celem jest dostarczanie informacji w spos\u00f3b przyst\u0119pny, rzetelny i interesuj\u0105cy, aby ka\u017cdy czytelnik m\u00f3g\u0142 dowiedzie\u0107 si\u0119 czego\u015b nowego i warto\u015bciowego.<\/p>\n\n\n\n<h2 class=\"wp-block-heading\" id=\"nasza-misja\">Nasza misja<\/h2>\n\n\n\n<p>Naszym celem jest popularyzowanie wiedzy, poszerzanie horyzont\u00f3w czytelnik\u00f3w i pomaganie im w lepszym rozumieniu \u015bwiata. Tworzymy tre\u015bci \u0142\u0105cz\u0105ce analiz\u0119, fakty i wysokiej jako\u015bci dziennikarstwo, dostarczaj\u0105c przydatne i zweryfikowane informacje.<\/p>\n\n\n\n<h2 class=\"wp-block-heading\" id=\"co-znajdziesz-na-fakty\">Co znajdziesz na \u201eFakty\u201d?<\/h2>\n\n\n\n<ul class=\"wp-block-list\">\n<li><strong>Ciekawe artyku\u0142y<\/strong> \u2013 publikacje na temat nauki, technologii, kultury, historii, zdrowia i innych wa\u017cnych dziedzin \u017cycia.<\/li>\n\n\n\n<li><strong>Analizy i przegl\u0105dy<\/strong> \u2013 dog\u0142\u0119bne opracowania wydarze\u0144, bada\u0144 i innowacji.<\/li>\n\n\n\n<li><strong>Ciekawostki<\/strong> \u2013 kr\u00f3tkie, ale fascynuj\u0105ce tre\u015bci poszerzaj\u0105ce wiedz\u0119 o \u015bwiecie.<\/li>\n\n\n\n<li><strong>Praktyczne porady<\/strong> \u2013 wskaz\u00f3wki i informacje, kt\u00f3re mog\u0105 by\u0107 przydatne w codziennym \u017cyciu.<\/li>\n<\/ul>\n\n\n\n<h2 class=\"wp-block-heading\" id=\"dlaczego-warto-czytac-fakty\">Dlaczego warto czyta\u0107 \u201eFakty\u201d?<\/h2>\n\n\n\n<p>\u2714 Publikujemy tylko sprawdzone informacje z wiarygodnych \u017ar\u00f3de\u0142.<br>\u2714 Nasz zesp\u00f3\u0142 dba o to, by trudne tematy by\u0142y przedstawiane w spos\u00f3b jasny i przyst\u0119pny.<br>\u2714 Tworzymy tre\u015bci, kt\u00f3re s\u0105 zar\u00f3wno u\u017cyteczne, jak i interesuj\u0105ce dla ka\u017cdego.<\/p>\n\n\n\n<h2 class=\"wp-block-heading\" id=\"kontakt\">Kontakt<\/h2>\n\n\n\n<p>Je\u015bli masz pytania, sugestie lub pomys\u0142y na wsp\u00f3\u0142prac\u0119, skontaktuj si\u0119 z nami pod adresem e-mail: <strong><em>hovrah.agency@gmail.com<\/em><\/strong>.<\/p>\n\n\n\n<p>Do\u0142\u0105cz do spo\u0142eczno\u015bci <strong>\u201eFakty\u201d<\/strong>, odkrywaj nowe informacje i poszerzaj swoj\u0105 wiedz\u0119 razem z nami!<\/p>\n","protected":false},"excerpt":{"rendered":"<p>\u201eFakty\u201d to internetowy magazyn oferuj\u0105cy ciekawe i edukacyjne tre\u015bci na r\u00f3\u017cnorodne tematy. Naszym celem jest dostarczanie informacji w spos\u00f3b przyst\u0119pny, rzetelny i interesuj\u0105cy, aby ka\u017cdy czytelnik m\u00f3g\u0142 dowiedzie\u0107 si\u0119 czego\u015b&#8230;.<\/p>\n","protected":false},"author":1,"featured_media":0,"parent":0,"menu_order":0,"comment_status":"closed","ping_status":"closed","template":"","meta":{"footnotes":""},"class_list":["post-632","page","type-page","status-publish","hentry"],"_links":{"self":[{"href":"https:\/\/fakty.v.ua\/pl\/wp-json\/wp\/v2\/pages\/632","targetHints":{"allow":["GET"]}}],"collection":[{"href":"https:\/\/fakty.v.ua\/pl\/wp-json\/wp\/v2\/pages"}],"about":[{"href":"https:\/\/fakty.v.ua\/pl\/wp-json\/wp\/v2\/types\/page"}],"author":[{"embeddable":true,"href":"https:\/\/fakty.v.ua\/pl\/wp-json\/wp\/v2\/users\/1"}],"replies":[{"embeddable":true,"href":"https:\/\/fakty.v.ua\/pl\/wp-json\/wp\/v2\/comments?post=632"}],"version-history":[{"count":5,"href":"https:\/\/fakty.v.ua\/pl\/wp-json\/wp\/v2\/pages\/632\/revisions"}],"predecessor-version":[{"id":637,"href":"https:\/\/fakty.v.ua\/pl\/wp-json\/wp\/v2\/pages\/632\/revisions\/637"}],"wp:attachment":[{"href":"https:\/\/fakty.v.ua\/pl\/wp-json\/wp\/v2\/media?parent=632"}],"curies":[{"name":"wp","href":"https:\/\/api.w.org\/{rel}","templated":true}]}}