{"id":623,"date":"2025-02-10T16:55:42","date_gmt":"2025-02-10T14:55:42","guid":{"rendered":"https:\/\/fakty.v.ua\/?page_id=623"},"modified":"2025-02-10T17:02:14","modified_gmt":"2025-02-10T15:02:14","slug":"edit-policy","status":"publish","type":"page","link":"https:\/\/fakty.v.ua\/pl\/edit-policy\/","title":{"rendered":"Polityka redakcyjna"},"content":{"rendered":"\n<div class=\"wp-block-rank-math-toc-block\" id=\"rank-math-toc\"><h2>Tre\u015b\u0107<\/h2><nav><ul><li class=\"\"><a href=\"#1-zasady-pracy-redakcji\">1. Zasady pracy redakcji<\/a><ul><li class=\"\"><a href=\"#rzetelnosc-i-dokladnosc\">Rzetelno\u015b\u0107 i dok\u0142adno\u015b\u0107<\/a><\/li><li class=\"\"><a href=\"#obiektywizm-i-bezstronnosc\">Obiektywizm i bezstronno\u015b\u0107<\/a><\/li><li class=\"\"><a href=\"#prawo-autorskie-i-unikalnosc-tresci\">Prawo autorskie i unikalno\u015b\u0107 tre\u015bci<\/a><\/li><\/ul><\/li><li class=\"\"><a href=\"#2-wspolpraca-z-autorami\">2. Wsp\u00f3\u0142praca z autorami<\/a><\/li><li class=\"\"><a href=\"#3-korekty-i-aktualizacje-tresci\">3. Korekty i aktualizacje tre\u015bci<\/a><\/li><li class=\"\"><a href=\"#4-wspolpraca-z-czytelnikami\">4. Wsp\u00f3\u0142praca z czytelnikami<\/a><\/li><\/ul><\/nav><\/div>\n\n\n\n<p>Internetowy magazyn <strong>\u201eFakty\u201d<\/strong> (<a href=\"https:\/\/fakty.v.ua\/\">https:\/\/fakty.v.ua\/<\/a>) przestrzega wysokich standard\u00f3w dziennikarskich, dostarczaj\u0105c czytelnikom rzetelne, warto\u015bciowe i interesuj\u0105ce informacje. W procesie tworzenia i publikowania tre\u015bci kierujemy si\u0119 zasadami obiektywizmu, uczciwo\u015bci i niezale\u017cno\u015bci.<\/p>\n\n\n\n<h2 class=\"wp-block-heading\" id=\"1-zasady-pracy-redakcji\">1. Zasady pracy redakcji<\/h2>\n\n\n\n<h3 class=\"wp-block-heading\" id=\"rzetelnosc-i-dokladnosc\">Rzetelno\u015b\u0107 i dok\u0142adno\u015b\u0107<\/h3>\n\n\n\n<p>1.1. Wszystkie tre\u015bci publikowane na stronie opieraj\u0105 si\u0119 na zweryfikowanych \u017ar\u00f3d\u0142ach, takich jak oficjalne dokumenty, badania naukowe, opinie ekspert\u00f3w oraz renomowane media.<br>1.2. Przed publikacj\u0105 materia\u0142y przechodz\u0105 dok\u0142adn\u0105 weryfikacj\u0119 pod wzgl\u0119dem fakt\u00f3w.<br>1.3. W przypadku wykrycia b\u0142\u0119d\u00f3w lub nie\u015bcis\u0142o\u015bci redakcja zobowi\u0105zuje si\u0119 do ich niezw\u0142ocznej korekty.<\/p>\n\n\n\n<h3 class=\"wp-block-heading\" id=\"obiektywizm-i-bezstronnosc\">Obiektywizm i bezstronno\u015b\u0107<\/h3>\n\n\n\n<p>2.1. Nie wspieramy \u017cadnych grup politycznych, komercyjnych ani ideologicznych i staramy si\u0119 przedstawia\u0107 wydarzenia w mo\u017cliwie najbardziej obiektywny spos\u00f3b.<br>2.2. Opinie autor\u00f3w mog\u0105 mie\u0107 charakter subiektywny, ale w takich przypadkach zaznaczamy, \u017ce s\u0105 to indywidualne pogl\u0105dy.<br>2.3. Nie publikujemy tre\u015bci sponsorowanych bez odpowiedniego oznaczenia (np. \u201eReklama\u201d lub \u201eMateria\u0142 sponsorowany\u201d).<\/p>\n\n\n\n<h3 class=\"wp-block-heading\" id=\"prawo-autorskie-i-unikalnosc-tresci\">Prawo autorskie i unikalno\u015b\u0107 tre\u015bci<\/h3>\n\n\n\n<p>3.1. Wszystkie materia\u0142y zamieszczone na stronie s\u0105 unikalne lub wykorzystywane zgodnie z zasadami ochrony praw autorskich.<br>3.2. W przypadku cytowania lub korzystania z tre\u015bci zewn\u0119trznych zawsze podajemy \u017ar\u00f3d\u0142o informacji.<br>3.3. Kopiowanie i przedruk materia\u0142\u00f3w s\u0105 dozwolone wy\u0142\u0105cznie pod warunkiem umieszczenia aktywnego linku do <a href=\"https:\/\/fakty.v.ua\/\">https:\/\/fakty.v.ua\/<\/a>.<\/p>\n\n\n\n<h2 class=\"wp-block-heading\" id=\"2-wspolpraca-z-autorami\">2. Wsp\u00f3\u0142praca z autorami<\/h2>\n\n\n\n<p>4.1. Jeste\u015bmy otwarci na wsp\u00f3\u0142prac\u0119 z dziennikarzami, ekspertami i autorami, kt\u00f3rzy chc\u0105 dzieli\u0107 si\u0119 warto\u015bciowymi tre\u015bciami.<br>4.2. Wszystkie teksty autorskie przed publikacj\u0105 przechodz\u0105 redakcyjn\u0105 weryfikacj\u0119.<br>4.3. Zastrzegamy sobie prawo do edytowania lub odrzucania tre\u015bci, kt\u00f3re nie spe\u0142niaj\u0105 naszych standard\u00f3w redakcyjnych.<\/p>\n\n\n\n<h2 class=\"wp-block-heading\" id=\"3-korekty-i-aktualizacje-tresci\">3. Korekty i aktualizacje tre\u015bci<\/h2>\n\n\n\n<p>5.1. Je\u015bli w artyku\u0142ach zostan\u0105 wykryte b\u0142\u0119dy lub nie\u015bcis\u0142o\u015bci, zobowi\u0105zujemy si\u0119 do ich jak najszybszego poprawienia.<br>5.2. W przypadku istotnych zmian dotycz\u0105cych danej tematyki redakcja mo\u017ce zaktualizowa\u0107 artyku\u0142, dodaj\u0105c nowe informacje.<\/p>\n\n\n\n<h2 class=\"wp-block-heading\" id=\"4-wspolpraca-z-czytelnikami\">4. Wsp\u00f3\u0142praca z czytelnikami<\/h2>\n\n\n\n<p>6.1. Cenimy konstruktywn\u0105 opini\u0119 naszych czytelnik\u00f3w i jeste\u015bmy otwarci na uzasadnione uwagi dotycz\u0105ce publikowanych tre\u015bci.<br>6.2. Je\u015bli znalaz\u0142e\u015b b\u0142\u0105d lub masz sugesti\u0119 dotycz\u0105c\u0105 tre\u015bci, skontaktuj si\u0119 z nami pod adresem e-mail: <strong><em>hovrah.agency@gmail.com<\/em><\/strong>.<\/p>\n\n\n\n<p>Naszym celem jest dostarczanie wysokiej jako\u015bci tre\u015bci, kt\u00f3re pomagaj\u0105 czytelnikom poszerza\u0107 wiedz\u0119 i lepiej rozumie\u0107 \u015bwiat. Dzi\u0119kujemy, \u017ce wybierasz <strong>\u201eFakty\u201d<\/strong>!<\/p>\n","protected":false},"excerpt":{"rendered":"<p>Internetowy magazyn \u201eFakty\u201d (https:\/\/fakty.v.ua\/) przestrzega wysokich standard\u00f3w dziennikarskich, dostarczaj\u0105c czytelnikom rzetelne, warto\u015bciowe i interesuj\u0105ce informacje. W procesie tworzenia i publikowania tre\u015bci kierujemy si\u0119 zasadami obiektywizmu, uczciwo\u015bci i niezale\u017cno\u015bci. 1. Zasady&#8230;.<\/p>\n","protected":false},"author":1,"featured_media":0,"parent":0,"menu_order":0,"comment_status":"closed","ping_status":"closed","template":"","meta":{"footnotes":""},"class_list":["post-623","page","type-page","status-publish","hentry"],"_links":{"self":[{"href":"https:\/\/fakty.v.ua\/pl\/wp-json\/wp\/v2\/pages\/623","targetHints":{"allow":["GET"]}}],"collection":[{"href":"https:\/\/fakty.v.ua\/pl\/wp-json\/wp\/v2\/pages"}],"about":[{"href":"https:\/\/fakty.v.ua\/pl\/wp-json\/wp\/v2\/types\/page"}],"author":[{"embeddable":true,"href":"https:\/\/fakty.v.ua\/pl\/wp-json\/wp\/v2\/users\/1"}],"replies":[{"embeddable":true,"href":"https:\/\/fakty.v.ua\/pl\/wp-json\/wp\/v2\/comments?post=623"}],"version-history":[{"count":6,"href":"https:\/\/fakty.v.ua\/pl\/wp-json\/wp\/v2\/pages\/623\/revisions"}],"predecessor-version":[{"id":630,"href":"https:\/\/fakty.v.ua\/pl\/wp-json\/wp\/v2\/pages\/623\/revisions\/630"}],"wp:attachment":[{"href":"https:\/\/fakty.v.ua\/pl\/wp-json\/wp\/v2\/media?parent=623"}],"curies":[{"name":"wp","href":"https:\/\/api.w.org\/{rel}","templated":true}]}}