{"id":3,"date":"2025-01-27T23:59:03","date_gmt":"2025-01-27T21:59:03","guid":{"rendered":"https:\/\/fakty.v.ua\/?page_id=3"},"modified":"2025-02-10T16:42:59","modified_gmt":"2025-02-10T14:42:59","slug":"privacy-policy","status":"publish","type":"page","link":"https:\/\/fakty.v.ua\/pl\/privacy-policy\/","title":{"rendered":"Polityka prywatno\u015bci"},"content":{"rendered":"\n<div class=\"wp-block-rank-math-toc-block\" id=\"rank-math-toc\"><h2>Tre\u015b\u0107<\/h2><nav><ul><li class=\"\"><a href=\"#1-postanowienia-ogolne\">1. Postanowienia og\u00f3lne<\/a><\/li><li class=\"\"><a href=\"#2-jakie-dane-zbieramy\">2. Jakie dane zbieramy<\/a><\/li><li class=\"\"><a href=\"#3-wykorzystanie-plikow-cookie-i-uslug-analitycznych\">3. Wykorzystanie plik\u00f3w cookie i us\u0142ug analitycznych<\/a><\/li><li class=\"\"><a href=\"#4-wykorzystanie-zebranych-danych\">4. Wykorzystanie zebranych danych<\/a><\/li><li class=\"\"><a href=\"#5-ochrona-danych-osobowych\">5. Ochrona danych osobowych<\/a><\/li><li class=\"\"><a href=\"#6-udostepnianie-danych-osobom-trzecim\">6. Udost\u0119pnianie danych osobom trzecim<\/a><\/li><li class=\"\"><a href=\"#7-prawa-uzytkownikow\">7. Prawa u\u017cytkownik\u00f3w<\/a><\/li><li class=\"\"><a href=\"#8-linki-do-zewnetrznych-stron\">8. Linki do zewn\u0119trznych stron<\/a><\/li><li class=\"\"><a href=\"#9-zmiany-w-polityce-prywatnosci\">9. Zmiany w polityce prywatno\u015bci<\/a><\/li><\/ul><\/nav><\/div>\n\n\n\n<h2 class=\"wp-block-heading\" id=\"1-postanowienia-ogolne\">1. Postanowienia og\u00f3lne<\/h2>\n\n\n\n<p>Niniejsza Polityka prywatno\u015bci okre\u015bla, w jaki spos\u00f3b internetowy magazyn <strong>\u201eFakty\u201d<\/strong> (<a href=\"https:\/\/fakty.v.ua\/\">https:\/\/fakty.v.ua\/<\/a>) przetwarza, wykorzystuje i chroni dane osobowe u\u017cytkownik\u00f3w.<\/p>\n\n\n\n<p>Dbamy o prywatno\u015b\u0107 i bezpiecze\u0144stwo danych osobowych zgodnie z obowi\u0105zuj\u0105cym prawem Ukrainy, Polski, USA, Unii Europejskiej i Kazachstanu oraz mi\u0119dzynarodowymi umowami podpisanymi przez przedstawicieli tych kraj\u00f3w.<\/p>\n\n\n\n<h2 class=\"wp-block-heading\" id=\"2-jakie-dane-zbieramy\">2. Jakie dane zbieramy<\/h2>\n\n\n\n<p>Podczas korzystania z naszej strony mog\u0105 by\u0107 automatycznie lub dobrowolnie gromadzone nast\u0119puj\u0105ce dane:<\/p>\n\n\n\n<ul class=\"wp-block-list\">\n<li><strong>Informacje zbierane automatycznie:<\/strong> adres IP, typ przegl\u0105darki, system operacyjny, pliki cookie, dane o odwiedzanych stronach, czas trwania sesji.<\/li>\n\n\n\n<li><strong>Dane u\u017cytkownika:<\/strong> imi\u0119 i nazwisko, adres e-mail, je\u015bli zapisujesz si\u0119 do newslettera, zostawiasz komentarze lub kontaktujesz si\u0119 z nami drog\u0105 mailow\u0105.<\/li>\n<\/ul>\n\n\n\n<h2 class=\"wp-block-heading\" id=\"3-wykorzystanie-plikow-cookie-i-uslug-analitycznych\">3. Wykorzystanie plik\u00f3w cookie i us\u0142ug analitycznych<\/h2>\n\n\n\n<p>3.1. Na stronie <strong>\u201eFakty\u201d<\/strong> u\u017cywamy <strong>Google Analytics<\/strong> \u2013 narz\u0119dzia do zbierania statystyk odwiedzin, kt\u00f3re pomaga nam analizowa\u0107 zachowanie u\u017cytkownik\u00f3w i ulepsza\u0107 tre\u015bci.<br>3.2. Korzystamy z plik\u00f3w cookie, aby zapisywa\u0107 ustawienia u\u017cytkownika, personalizowa\u0107 tre\u015bci oraz zbiera\u0107 anonimowe statystyki.<br>3.3. Mo\u017cesz wy\u0142\u0105czy\u0107 pliki cookie w ustawieniach swojej przegl\u0105darki, jednak mo\u017ce to wp\u0142yn\u0105\u0107 na funkcjonalno\u015b\u0107 strony.<\/p>\n\n\n\n<h2 class=\"wp-block-heading\" id=\"4-wykorzystanie-zebranych-danych\">4. Wykorzystanie zebranych danych<\/h2>\n\n\n\n<p>Zebrane informacje wykorzystujemy do:<\/p>\n\n\n\n<ul class=\"wp-block-list\">\n<li>Ulepszania jako\u015bci tre\u015bci i dzia\u0142ania strony.<\/li>\n\n\n\n<li>Wysy\u0142ania materia\u0142\u00f3w informacyjnych (za zgod\u0105 u\u017cytkownika).<\/li>\n\n\n\n<li>Analizy statystyk odwiedzin i zachowa\u0144 u\u017cytkownik\u00f3w.<\/li>\n\n\n\n<li>Spe\u0142niania zobowi\u0105za\u0144 prawnych oraz zapewnienia bezpiecze\u0144stwa.<\/li>\n<\/ul>\n\n\n\n<h2 class=\"wp-block-heading\" id=\"5-ochrona-danych-osobowych\">5. Ochrona danych osobowych<\/h2>\n\n\n\n<p>Podejmujemy wszelkie niezb\u0119dne \u015brodki w celu ochrony danych u\u017cytkownik\u00f3w przed nieautoryzowanym dost\u0119pem, zmian\u0105, ujawnieniem lub usuni\u0119ciem.<\/p>\n\n\n\n<h2 class=\"wp-block-heading\" id=\"6-udostepnianie-danych-osobom-trzecim\">6. Udost\u0119pnianie danych osobom trzecim<\/h2>\n\n\n\n<p>6.1. Nie udost\u0119pniamy danych osobowych u\u017cytkownik\u00f3w osobom trzecim bez ich zgody, chyba \u017ce wymagaj\u0105 tego przepisy prawa.<br>6.2. Mo\u017cemy udost\u0119pnia\u0107 anonimowe dane statystyczne naszym partnerom w celu analizy funkcjonowania strony.<\/p>\n\n\n\n<h2 class=\"wp-block-heading\" id=\"7-prawa-uzytkownikow\">7. Prawa u\u017cytkownik\u00f3w<\/h2>\n\n\n\n<p>Zgodnie z przepisami prawa mi\u0119dzynarodowego masz prawo do:<\/p>\n\n\n\n<ul class=\"wp-block-list\">\n<li>Dost\u0119pu do swoich danych osobowych.<\/li>\n\n\n\n<li>\u017b\u0105dania poprawienia, usuni\u0119cia lub ograniczenia przetwarzania swoich danych.<\/li>\n\n\n\n<li>Wycofania zgody na przetwarzanie danych.<\/li>\n<\/ul>\n\n\n\n<p>Aby skorzysta\u0107 z tych praw, skontaktuj si\u0119 z nami pod adresem e-mail: <strong><em>hovrah.agency@gmail.com<\/em><\/strong>.<\/p>\n\n\n\n<h2 class=\"wp-block-heading\" id=\"8-linki-do-zewnetrznych-stron\">8. Linki do zewn\u0119trznych stron<\/h2>\n\n\n\n<p>Nasza strona mo\u017ce zawiera\u0107 linki do zewn\u0119trznych serwis\u00f3w, za kt\u00f3rych tre\u015b\u0107 nie ponosimy odpowiedzialno\u015bci. Zalecamy zapoznanie si\u0119 z polityk\u0105 prywatno\u015bci tych stron przed udost\u0119pnieniem jakichkolwiek danych.<\/p>\n\n\n\n<h2 class=\"wp-block-heading\" id=\"9-zmiany-w-polityce-prywatnosci\">9. Zmiany w polityce prywatno\u015bci<\/h2>\n\n\n\n<p>Od czasu do czasu mo\u017cemy aktualizowa\u0107 niniejsz\u0105 Polityk\u0119 prywatno\u015bci. Zaktualizowana wersja b\u0119dzie dost\u0119pna na tej stronie wraz z dat\u0105 ostatniej zmiany.<\/p>\n\n\n\n<p>W przypadku pyta\u0144 dotycz\u0105cych Polityki prywatno\u015bci skontaktuj si\u0119 z nami pod adresem e-mail: <strong><em>hovrah.agency@gmail.com<\/em><\/strong>.<\/p>\n","protected":false},"excerpt":{"rendered":"<p>1. Postanowienia og\u00f3lne Niniejsza Polityka prywatno\u015bci okre\u015bla, w jaki spos\u00f3b internetowy magazyn \u201eFakty\u201d (https:\/\/fakty.v.ua\/) przetwarza, wykorzystuje i chroni dane osobowe u\u017cytkownik\u00f3w. Dbamy o prywatno\u015b\u0107 i bezpiecze\u0144stwo danych osobowych zgodnie z&#8230;.<\/p>\n","protected":false},"author":1,"featured_media":0,"parent":0,"menu_order":0,"comment_status":"closed","ping_status":"open","template":"","meta":{"footnotes":""},"class_list":["post-3","page","type-page","status-publish","hentry"],"_links":{"self":[{"href":"https:\/\/fakty.v.ua\/pl\/wp-json\/wp\/v2\/pages\/3","targetHints":{"allow":["GET"]}}],"collection":[{"href":"https:\/\/fakty.v.ua\/pl\/wp-json\/wp\/v2\/pages"}],"about":[{"href":"https:\/\/fakty.v.ua\/pl\/wp-json\/wp\/v2\/types\/page"}],"author":[{"embeddable":true,"href":"https:\/\/fakty.v.ua\/pl\/wp-json\/wp\/v2\/users\/1"}],"replies":[{"embeddable":true,"href":"https:\/\/fakty.v.ua\/pl\/wp-json\/wp\/v2\/comments?post=3"}],"version-history":[{"count":6,"href":"https:\/\/fakty.v.ua\/pl\/wp-json\/wp\/v2\/pages\/3\/revisions"}],"predecessor-version":[{"id":612,"href":"https:\/\/fakty.v.ua\/pl\/wp-json\/wp\/v2\/pages\/3\/revisions\/612"}],"wp:attachment":[{"href":"https:\/\/fakty.v.ua\/pl\/wp-json\/wp\/v2\/media?parent=3"}],"curies":[{"name":"wp","href":"https:\/\/api.w.org\/{rel}","templated":true}]}}